{"id":40,"date":"2010-12-15T11:50:29","date_gmt":"2010-12-15T11:50:29","guid":{"rendered":"http:\/\/www.puzak.com\/mama\/?page_id=40"},"modified":"2017-04-15T10:16:57","modified_gmt":"2017-04-15T09:16:57","slug":"zivotopis","status":"publish","type":"page","link":"https:\/\/www.puzak.com\/mama\/?page_id=40","title":{"rendered":"\u017divotopis"},"content":{"rendered":"<p><a href=\"http:\/\/www.puzak.com\/mama\/wp-content\/uploads\/2010\/12\/mama.jpg\"><img loading=\"lazy\" decoding=\"async\" class=\"alignleft size-medium wp-image-67\" title=\"mama\" src=\"http:\/\/www.puzak.com\/mama\/wp-content\/uploads\/2010\/12\/mama-300x225.jpg\" alt=\"\" width=\"300\" height=\"225\" srcset=\"https:\/\/www.puzak.com\/mama\/wp-content\/uploads\/2010\/12\/mama-300x225.jpg 300w, https:\/\/www.puzak.com\/mama\/wp-content\/uploads\/2010\/12\/mama-1024x768.jpg 1024w\" sizes=\"(max-width: 300px) 100vw, 300px\" \/><\/a>Ro\u0111ena je 06. velja\u010de 1952. godine u malom mjestu Sv. Ivan \u017dabno, u imu\u0107noj obitelji intelektualaca. Od najranijih dana i majka i otac svojoj djeci usa\u0111uju osje\u0107aj za ljepotu prirode, muzike i plesa. Obitelj \u017eivi punim dru\u0161tvenim \u017eivotom, lagodno i udobno bez nekih materijalnih ili drugih potresa i uz mno\u0161tvo prijatelja. Takvo okru\u017eenje i maj\u010din strogi odgoj, usa\u0111uju joj sigurnost, po\u0161tivanje i ljubav prema domu i obitelji. Smrt najstarijeg brata 1960. godine ostavlja dubok trag na obitelj za cijeli \u017eivot. Obitelj mijenja mjesto boravka i dolazi u Vrbovec, a kratko nakon toga seli u Vara\u017edin. U Vara\u017edinu poha\u0111a uz osnovnu \u0161kolu, muzi\u010dku i baletnu \u0161kolu. No ubrzo s obitelji zbog financijskih pote\u0161ko\u0107a i nesnala\u017eenja u gradu, ponovo mijenja mjesto boravka i vra\u0107a se u Vrbovec. Udaje se odmah nakon zavr\u0161etka gimnazije, a 1970. godine upisuje Pedago\u0161ku akademiju u Zagrebu. Njeni tada\u0161nji profesori prof. Mladen Ve\u017ea, prof. Josip Poljan, prof. Vilko S. Gliha i prof. Dinko Vidovi\u0107 usa\u0111uju joj osje\u0107aj za rad, red i disciplinu, za sklad, slobodu i ljepotu stvaranja, te za anatomiju i oblikovanje u prostoru. Izvrsni profesori i pedagozi pru\u017eili su joj solidnu osnovu za rad i ostavili dubok trag u njenom daljnjem razvoju \u017eene-umjetnika. Odlaze\u0107i svakodnevno u Zagreb na fakultet, razapeta izme\u0111u putovanja, predavanja i obiteljskog \u017eivota, jedino preostalo vrijeme za stvaranje je slikanje u kasnim no\u0107nim satima. Budu\u0107i da intenzivno i uporno radi, ve\u0107 1976. godine izla\u017ee na grupnim izlo\u017ebama umjetnika okupljenih oko tada\u0161nje &#8220;Grupe 69&#8221;. 1977. godine prvi puta izla\u017ee samostalno, a iste godine diplomira na Pedago\u0161koj akademiji. 1978. godine sa obitelji mijenja mjesto boravka i dolazi u Zagreb. Prote\u017eu\u0107i svoje interese na primijenjenu umjetnost radi svojevrsne objekte u prostoru u tehnici uzlanja, te se bavi izradom umjetni\u010dkog nakita i odjevnih predmeta. \u010cesto i rado sudjeluje u radu i na izlo\u017ebama likovnih kolonija kao \u0161to su Rijeka, Rogoznica, Petrinja, Slunj, Zagreb, Karlovac, \u010cigo\u010d i druge. Na svaki izlet i putovanje odlazi sa blokom papira i crta\u0107im priborom rade\u0107i skice koje nerijetko ostaju pohranjene u ladicama njenog radnog prostora \u010dekaju\u0107i vrijeme da sazriju i za\u017eive u njenoj du\u0161i. Tek tada prenesene na platno i papir postaju stvarnost. Odaziva se pozivu na gotovo sve humanitarne akcije i aukcijske izlo\u017ebe, poma\u017eu\u0107i svojim radovima onima kojima je to potrebito. Cijeli svoj \u017eivot posvetila je svojoj obitelji i svome umjetni\u010dkom radu.<\/p>\n<!-- AddThis Advanced Settings generic via filter on the_content --><!-- AddThis Share Buttons generic via filter on the_content -->","protected":false},"excerpt":{"rendered":"<p>Ro\u0111ena je 06. velja\u010de 1952. godine u malom mjestu Sv. Ivan \u017dabno, u imu\u0107noj obitelji intelektualaca. Od najranijih dana i majka i otac svojoj djeci usa\u0111uju osje\u0107aj za ljepotu prirode, muzike i plesa. Obitelj \u017eivi punim dru\u0161tvenim \u017eivotom, lagodno i udobno bez nekih materijalnih ili drugih potresa i uz mno\u0161tvo prijatelja. Takvo okru\u017eenje i maj\u010din &hellip; <\/p>\n<p class=\"link-more\"><a href=\"https:\/\/www.puzak.com\/mama\/?page_id=40\" class=\"more-link\">Nastavi \u010ditati<span class=\"screen-reader-text\"> &#8220;\u017divotopis&#8221;<\/span><\/a><\/p>\n<p><!-- AddThis Advanced Settings generic via filter on get_the_excerpt --><!-- AddThis Share Buttons generic via filter on get_the_excerpt --><\/p>\n","protected":false},"author":1,"featured_media":0,"parent":0,"menu_order":1,"comment_status":"closed","ping_status":"open","template":"","meta":{"ngg_post_thumbnail":0,"footnotes":""},"_links":{"self":[{"href":"https:\/\/www.puzak.com\/mama\/index.php?rest_route=\/wp\/v2\/pages\/40"}],"collection":[{"href":"https:\/\/www.puzak.com\/mama\/index.php?rest_route=\/wp\/v2\/pages"}],"about":[{"href":"https:\/\/www.puzak.com\/mama\/index.php?rest_route=\/wp\/v2\/types\/page"}],"author":[{"embeddable":true,"href":"https:\/\/www.puzak.com\/mama\/index.php?rest_route=\/wp\/v2\/users\/1"}],"replies":[{"embeddable":true,"href":"https:\/\/www.puzak.com\/mama\/index.php?rest_route=%2Fwp%2Fv2%2Fcomments&post=40"}],"version-history":[{"count":5,"href":"https:\/\/www.puzak.com\/mama\/index.php?rest_route=\/wp\/v2\/pages\/40\/revisions"}],"predecessor-version":[{"id":384,"href":"https:\/\/www.puzak.com\/mama\/index.php?rest_route=\/wp\/v2\/pages\/40\/revisions\/384"}],"wp:attachment":[{"href":"https:\/\/www.puzak.com\/mama\/index.php?rest_route=%2Fwp%2Fv2%2Fmedia&parent=40"}],"curies":[{"name":"wp","href":"https:\/\/api.w.org\/{rel}","templated":true}]}}