{"id":52,"date":"2010-12-15T13:05:02","date_gmt":"2010-12-15T12:05:02","guid":{"rendered":"http:\/\/www.puzak.com\/mama\/?page_id=52"},"modified":"2017-04-15T10:17:21","modified_gmt":"2017-04-15T09:17:21","slug":"predgovori","status":"publish","type":"page","link":"http:\/\/www.puzak.com\/mama\/?page_id=52","title":{"rendered":"Predgovori"},"content":{"rendered":"<p>STANKO \u0160POLJARI\u0106:<\/p>\n<p>Ekspresionizam i slikarska tanko\u0107utnost pojmovi su koji na prvi pogled i ne idu zajedno. U svom slikarskom opusu Marija Puzak ipak ih je pomirila. Premda zaokupljena energijom boje, usmjerene ka emotivnoj \u017eestini u ukupnosti likovne scene, uspijevala je zadr\u017eati mjeru osobne suptilnosti, kojom kromatske silnice i kad podi\u017eu intenzitet zbivanja odra\u017eavaju osobnost, koja u do\u017eivljaju pejsa\u017ea nalazi i prostore lirskog. U razlo\u017enim motivskim mijenama krajolik je bio i ostao dominanta njezinog interesa, promatran kroz zvu\u010dnost boje i potrebit stupanj otklona od realisti\u010dne marnosti. Primjerice, gotovo agresivnost crvenog, dubine plavog uzdizale su blistavost pejsa\u017ea, svih njegovih pokrenutih sastavnica s izrazito jakim obrisnicama, i zdanja, i raslinja, i sve predmetnosti slike. Silueta pokrenutog tijeka dinami\u010dnih krivulja kojih se vibrantnost prenosila i unutar definiranih ploha i \u010ditavog polja slike. Sukladne pastoznosti namaza boje u objektivnom taktilitetu povr\u0161ine. Dakako boja, prepoznatljiva gesta, upisanost i otvorenost svjetla, likovni su elementi u tvorbi sadr\u017eaja, prepleta ugo\u0111aja i izgleda. \u017ditkost u magmi boje odra\u017eava i treptaj Marijinog raspolo\u017eenja koje se u \u0161irini slikarskog \u010dina otimlje bilo kakovoj jednozna\u010dnosti. Zanimljivo je u Marijinoj fascinaciji s puteno\u0161\u0107u boje koloristi\u010dkog krika uo\u010davati naznake slikarskog smiraja, reda s pro\u010di\u0161\u0107eno\u0161\u0107u oblika do praga geometrijskog, i mijene palete u smjeru ti\u0161ih sazvu\u010dja.<\/p>\n<p>SANDA STANA\u0106EV BAJZEK:<\/p>\n<p>Slikanje prirode, podra\u017eavanje njenih fenomena, nastojanje da se slikom zaustave trenutci emanacije njezine ljepote gotovo je stara koliko i slikarstvo samo. No pejza\u017e se kao osamostaljena tema ustoli\u010duje tek u 19. st. postaju\u0107i vode\u0107i \u017eanr unutar likovne umjetnosti. Trijumfira u realizacijama impresionista, otkriva dublja, izvorna zna\u010denja u ekspresionisti\u010dkom sa\u017eimanju i gradnji osnovnim formama i govorom \u010diste boje. Racionalna koncepcija zamijenjena je koncepcijom zasnovanom na emocionalnom i iracionalnom do\u017eivljaju, vi\u0111ena priroda i umjetnikova ideja susre\u0107u se na pola puta. Na tragu tog puta nalazi se i slikarstvo Marije Puzak, ustrajno ve\u0107 nekoliko desetlje\u0107a, kojim autorica gaji primarni interes za istra\u017eivanje slikarskog problema prikazivanja krajolika, uklapaju\u0107i se u kontekst novijeg hrvatskog pejza\u017enog slikarstva.<\/p>\n<p>Unutar uskog motivskog izri\u010daja Marija se neprestano likovno preispituje, \u010dine\u0107i novim ciklusom korak vi\u0161e sna\u017enim koloristi\u010dkim i gradbenim sudarima, dinami\u010dnijom gradnjom, \u201eslaganjem\u201c ploha, preklapanjem planova, pristupaju\u0107i motivu apstraktnije. U potrazi za najprispodobnijim izrazom Marija varira svoje pejza\u017ee u rasponu od kubisti\u010dkih superponiranja do gotovo apstraktnih ploha, koje prizivaju sje\u0107anja na prve ekspresionisti\u010dke izraze, na sezanovsku gradnju forme. Gradnja vlastite poetike na temeljima poetika koje danas ozna\u010davaju op\u0107a mjesta likovne umjetnosti, rezultat je podudaranja senzibiliteta bez povijesnih referenci jer Marija ne nastoji biti novator, ona u svom nepretencioznom slikarstvu ne skriva eklekti\u010dnost, ali ju ne potencira. Odre\u0111ene, ve\u0107 ustoli\u010dene likovne poetike samo najprikladnije izra\u017eavaju snagu autori\u010dina do\u017eivljaja i te\u017enju da ga izra\u017eajno reproducira na slikarskom platnu.<\/p>\n<!-- AddThis Advanced Settings generic via filter on the_content --><!-- AddThis Share Buttons generic via filter on the_content -->","protected":false},"excerpt":{"rendered":"<p>STANKO \u0160POLJARI\u0106: Ekspresionizam i slikarska tanko\u0107utnost pojmovi su koji na prvi pogled i ne idu zajedno. U svom slikarskom opusu Marija Puzak ipak ih je pomirila. Premda zaokupljena energijom boje, usmjerene ka emotivnoj \u017eestini u ukupnosti likovne scene, uspijevala je zadr\u017eati mjeru osobne suptilnosti, kojom kromatske silnice i kad podi\u017eu intenzitet zbivanja odra\u017eavaju osobnost, koja &hellip; <\/p>\n<p class=\"link-more\"><a href=\"http:\/\/www.puzak.com\/mama\/?page_id=52\" class=\"more-link\">Nastavi \u010ditati<span class=\"screen-reader-text\"> &#8220;Predgovori&#8221;<\/span><\/a><\/p>\n<p><!-- AddThis Advanced Settings generic via filter on get_the_excerpt --><!-- AddThis Share Buttons generic via filter on get_the_excerpt --><\/p>\n","protected":false},"author":1,"featured_media":0,"parent":0,"menu_order":2,"comment_status":"closed","ping_status":"open","template":"","meta":{"ngg_post_thumbnail":0,"footnotes":""},"_links":{"self":[{"href":"http:\/\/www.puzak.com\/mama\/index.php?rest_route=\/wp\/v2\/pages\/52"}],"collection":[{"href":"http:\/\/www.puzak.com\/mama\/index.php?rest_route=\/wp\/v2\/pages"}],"about":[{"href":"http:\/\/www.puzak.com\/mama\/index.php?rest_route=\/wp\/v2\/types\/page"}],"author":[{"embeddable":true,"href":"http:\/\/www.puzak.com\/mama\/index.php?rest_route=\/wp\/v2\/users\/1"}],"replies":[{"embeddable":true,"href":"http:\/\/www.puzak.com\/mama\/index.php?rest_route=%2Fwp%2Fv2%2Fcomments&post=52"}],"version-history":[{"count":6,"href":"http:\/\/www.puzak.com\/mama\/index.php?rest_route=\/wp\/v2\/pages\/52\/revisions"}],"predecessor-version":[{"id":385,"href":"http:\/\/www.puzak.com\/mama\/index.php?rest_route=\/wp\/v2\/pages\/52\/revisions\/385"}],"wp:attachment":[{"href":"http:\/\/www.puzak.com\/mama\/index.php?rest_route=%2Fwp%2Fv2%2Fmedia&parent=52"}],"curies":[{"name":"wp","href":"https:\/\/api.w.org\/{rel}","templated":true}]}}